{"id":927,"date":"2020-09-07T11:56:04","date_gmt":"2020-09-07T14:56:04","guid":{"rendered":"https:\/\/isfdchepes-lrj.infd.edu.ar\/sitio\/?page_id=927"},"modified":"2020-09-10T09:54:45","modified_gmt":"2020-09-10T12:54:45","slug":"actores-institucionales","status":"publish","type":"page","link":"https:\/\/isfdchepes-lrj.infd.edu.ar\/sitio\/actores-institucionales\/","title":{"rendered":"ACTORES INSTITUCIONALES"},"content":{"rendered":"<p>ACTORES INSTITUCIONALES<\/p>\n<div  class=\"lgc-column lgc-grid-parent lgc-grid-33 lgc-tablet-grid-33 lgc-mobile-grid-33 lgc-equal-heights \"><div  class=\"inside-grid-column\">\n<p><img decoding=\"async\" loading=\"lazy\" class=\"alignnone size-medium wp-image-923\" src=\"https:\/\/isfdchepes-lrj.infd.edu.ar\/sitio\/wp-content\/uploads\/2020\/09\/docentes2-1000x750.jpg\" alt=\"\" width=\"1000\" height=\"750\" srcset=\"https:\/\/isfdchepes-lrj.infd.edu.ar\/sitio\/wp-content\/uploads\/2020\/09\/docentes2-1000x750.jpg 1000w, https:\/\/isfdchepes-lrj.infd.edu.ar\/sitio\/wp-content\/uploads\/2020\/09\/docentes2-768x576.jpg 768w, https:\/\/isfdchepes-lrj.infd.edu.ar\/sitio\/wp-content\/uploads\/2020\/09\/docentes2-1900x1425.jpg 1900w, https:\/\/isfdchepes-lrj.infd.edu.ar\/sitio\/wp-content\/uploads\/2020\/09\/docentes2.jpg 2048w\" sizes=\"(max-width: 1000px) 100vw, 1000px\" \/><\/p>\n<p>DOCENTES: los actores principales en la misi\u00f3n de formar formadores, sobre sus espaldas descansa la responsabilidad de que el plan educativo del instituto llegue a buen puerto.<\/p>\n<p><\/p><\/div><\/div>\n<div  class=\"lgc-column lgc-grid-parent lgc-grid-33 lgc-tablet-grid-33 lgc-mobile-grid-33 lgc-equal-heights \"><div  class=\"inside-grid-column\">\n<p><img decoding=\"async\" loading=\"lazy\" class=\"alignnone size-medium wp-image-926\" src=\"https:\/\/isfdchepes-lrj.infd.edu.ar\/sitio\/wp-content\/uploads\/2020\/09\/Bedeles-1000x750.jpg\" alt=\"\" width=\"1000\" height=\"750\" srcset=\"https:\/\/isfdchepes-lrj.infd.edu.ar\/sitio\/wp-content\/uploads\/2020\/09\/Bedeles-1000x750.jpg 1000w, https:\/\/isfdchepes-lrj.infd.edu.ar\/sitio\/wp-content\/uploads\/2020\/09\/Bedeles-768x576.jpg 768w, https:\/\/isfdchepes-lrj.infd.edu.ar\/sitio\/wp-content\/uploads\/2020\/09\/Bedeles.jpg 1280w\" sizes=\"(max-width: 1000px) 100vw, 1000px\" \/><\/p>\n<p>BEDELES: el sost\u00e9n invaluable del docente. Su tarea m\u00e1s all\u00e1 de ser auxiliar, conforma una parte importante en la formaci\u00f3n de nuestros alumnos.<\/p>\n<p><\/p><\/div><\/div>\n<div  class=\"lgc-column lgc-grid-parent lgc-grid-33 lgc-tablet-grid-33 lgc-mobile-grid-33 lgc-equal-heights \"><div  class=\"inside-grid-column\">\n<p><img decoding=\"async\" loading=\"lazy\" class=\"alignnone size-full wp-image-921\" src=\"https:\/\/isfdchepes-lrj.infd.edu.ar\/sitio\/wp-content\/uploads\/2020\/09\/alumnos5.jpg\" alt=\"\" width=\"960\" height=\"720\" srcset=\"https:\/\/isfdchepes-lrj.infd.edu.ar\/sitio\/wp-content\/uploads\/2020\/09\/alumnos5.jpg 960w, https:\/\/isfdchepes-lrj.infd.edu.ar\/sitio\/wp-content\/uploads\/2020\/09\/alumnos5-768x576.jpg 768w\" sizes=\"(max-width: 960px) 100vw, 960px\" \/><\/p>\n<p>ESTUDIANTES: destinatarios directos de todo el proyecto educativo del instituto. Representan la esperanza de cambio hacia una sociedad mejor.<\/p>\n<p><\/p><\/div><\/div>\n<p>&nbsp;<\/p>\n","protected":false},"excerpt":{"rendered":"<p>ACTORES INSTITUCIONALES &nbsp;<\/p>\n","protected":false},"author":433,"featured_media":0,"parent":0,"menu_order":0,"comment_status":"closed","ping_status":"closed","template":"","meta":[],"acf":[],"_links":{"self":[{"href":"https:\/\/isfdchepes-lrj.infd.edu.ar\/sitio\/wp-json\/wp\/v2\/pages\/927"}],"collection":[{"href":"https:\/\/isfdchepes-lrj.infd.edu.ar\/sitio\/wp-json\/wp\/v2\/pages"}],"about":[{"href":"https:\/\/isfdchepes-lrj.infd.edu.ar\/sitio\/wp-json\/wp\/v2\/types\/page"}],"author":[{"embeddable":true,"href":"https:\/\/isfdchepes-lrj.infd.edu.ar\/sitio\/wp-json\/wp\/v2\/users\/433"}],"replies":[{"embeddable":true,"href":"https:\/\/isfdchepes-lrj.infd.edu.ar\/sitio\/wp-json\/wp\/v2\/comments?post=927"}],"version-history":[{"count":6,"href":"https:\/\/isfdchepes-lrj.infd.edu.ar\/sitio\/wp-json\/wp\/v2\/pages\/927\/revisions"}],"predecessor-version":[{"id":999,"href":"https:\/\/isfdchepes-lrj.infd.edu.ar\/sitio\/wp-json\/wp\/v2\/pages\/927\/revisions\/999"}],"wp:attachment":[{"href":"https:\/\/isfdchepes-lrj.infd.edu.ar\/sitio\/wp-json\/wp\/v2\/media?parent=927"}],"curies":[{"name":"wp","href":"https:\/\/api.w.org\/{rel}","templated":true}]}}