{"id":757,"date":"2018-06-28T17:36:47","date_gmt":"2018-06-28T20:36:47","guid":{"rendered":"https:\/\/isfdchepes-lrj.infd.edu.ar\/sitio\/autoridades\/"},"modified":"2020-09-09T17:36:31","modified_gmt":"2020-09-09T20:36:31","slug":"autoridades","status":"publish","type":"page","link":"https:\/\/isfdchepes-lrj.infd.edu.ar\/sitio\/autoridades\/","title":{"rendered":"AUTORIDADES-EQUIPO DE GESTI\u00d3N"},"content":{"rendered":"<h1><img decoding=\"async\" loading=\"lazy\" class=\"alignnone size-medium wp-image-981\" src=\"https:\/\/isfdchepes-lrj.infd.edu.ar\/sitio\/wp-content\/uploads\/2020\/09\/SEPARADOR-1000x103.png\" alt=\"\" width=\"1000\" height=\"103\" srcset=\"https:\/\/isfdchepes-lrj.infd.edu.ar\/sitio\/wp-content\/uploads\/2020\/09\/SEPARADOR-1000x103.png 1000w, https:\/\/isfdchepes-lrj.infd.edu.ar\/sitio\/wp-content\/uploads\/2020\/09\/SEPARADOR-768x79.png 768w, https:\/\/isfdchepes-lrj.infd.edu.ar\/sitio\/wp-content\/uploads\/2020\/09\/SEPARADOR.png 1005w\" sizes=\"(max-width: 1000px) 100vw, 1000px\" \/><span style=\"color: #003300;\">DIRECTORA:<\/span><\/h1>\n<h2><span style=\"color: #339966;\">Prof. ALCARAZ, Alicia<\/span><\/h2>\n<h1><span style=\"color: #003300;\">SECRETARIA<\/span><\/h1>\n<h2><span style=\"color: #339966;\">Prof. PIZARRO, F\u00e1tima<\/span><\/h2>\n<h1><span style=\"color: #003300;\">JEFE DPTO. DE FORMACI\u00d3N INICIAL<\/span><\/h1>\n<h2><span style=\"color: #339966;\">Prof. BUSTOS, Mariela<\/span><\/h2>\n<h1><span style=\"color: #003300;\">JEFE DPTO. DE INVESTIGACI\u00d3N<\/span><\/h1>\n<h2><span style=\"color: #339966;\">Prof. MERCADO, Jos\u00e9<\/span><\/h2>\n<h1><span style=\"color: #003300;\">JEFE DPTO. DE DESARROLLO PROFESIONAL<\/span><\/h1>\n<h2><span style=\"color: #339966;\">Prof. VARGAS, Marcela<\/span><\/h2>\n","protected":false},"excerpt":{"rendered":"<p>DIRECTORA: Prof. ALCARAZ, Alicia SECRETARIA Prof. PIZARRO, F\u00e1tima JEFE DPTO. DE FORMACI\u00d3N INICIAL Prof. BUSTOS, Mariela JEFE DPTO. DE INVESTIGACI\u00d3N Prof. MERCADO, Jos\u00e9 JEFE DPTO. DE DESARROLLO PROFESIONAL Prof. VARGAS, Marcela<\/p>\n","protected":false},"author":433,"featured_media":0,"parent":0,"menu_order":0,"comment_status":"closed","ping_status":"closed","template":"","meta":[],"acf":[],"_links":{"self":[{"href":"https:\/\/isfdchepes-lrj.infd.edu.ar\/sitio\/wp-json\/wp\/v2\/pages\/757"}],"collection":[{"href":"https:\/\/isfdchepes-lrj.infd.edu.ar\/sitio\/wp-json\/wp\/v2\/pages"}],"about":[{"href":"https:\/\/isfdchepes-lrj.infd.edu.ar\/sitio\/wp-json\/wp\/v2\/types\/page"}],"author":[{"embeddable":true,"href":"https:\/\/isfdchepes-lrj.infd.edu.ar\/sitio\/wp-json\/wp\/v2\/users\/433"}],"replies":[{"embeddable":true,"href":"https:\/\/isfdchepes-lrj.infd.edu.ar\/sitio\/wp-json\/wp\/v2\/comments?post=757"}],"version-history":[{"count":4,"href":"https:\/\/isfdchepes-lrj.infd.edu.ar\/sitio\/wp-json\/wp\/v2\/pages\/757\/revisions"}],"predecessor-version":[{"id":982,"href":"https:\/\/isfdchepes-lrj.infd.edu.ar\/sitio\/wp-json\/wp\/v2\/pages\/757\/revisions\/982"}],"wp:attachment":[{"href":"https:\/\/isfdchepes-lrj.infd.edu.ar\/sitio\/wp-json\/wp\/v2\/media?parent=757"}],"curies":[{"name":"wp","href":"https:\/\/api.w.org\/{rel}","templated":true}]}}