{"id":752,"date":"2018-06-28T17:36:45","date_gmt":"2018-06-28T20:36:45","guid":{"rendered":"https:\/\/isfdchepes-lrj.infd.edu.ar\/sitio\/docentes\/"},"modified":"2020-09-09T17:06:45","modified_gmt":"2020-09-09T20:06:45","slug":"docentes","status":"publish","type":"page","link":"https:\/\/isfdchepes-lrj.infd.edu.ar\/sitio\/docentes\/","title":{"rendered":"Docentes"},"content":{"rendered":"<h2 style=\"text-align: center;\"><span style=\"color: #000080;\">ISFD EN LENGUA Y LITERATURA, HISTORIA Y MATEM\u00c1TICA<\/span><\/h2>\n<hr \/>\n<h3><span style=\"color: #0000ff;\">DOCENTES:<\/span><\/h3>\n<ul>\n<li>AGUILAR, Wilson<\/li>\n<li>AG\u00dcERO, Eva<\/li>\n<li>AG\u00dcERO, Nidia<\/li>\n<li>AG\u00dcERO, Laura<\/li>\n<li>ALMONACID, Ivana<\/li>\n<li>AMAYA, Mario<\/li>\n<li>AZCURRA, Raquel<\/li>\n<li>BUSTOS, Mariela<\/li>\n<li>CORDERO, M\u00f3nica<\/li>\n<li>GALLARDO, Florencia<\/li>\n<li>GALLARDO, Nicol\u00e1s<\/li>\n<li>GARAY, Roberto<\/li>\n<li>GARCIA, Eduardo<\/li>\n<li>GEZ, Rosa<\/li>\n<li>GUTIERREZ, Juana<\/li>\n<li>GUZMAN, Daniel<\/li>\n<li>INFANTE, Fabi\u00e1n<\/li>\n<li>MALDONADO, Cristian<\/li>\n<li>MERCADO, Fabi\u00e1n<\/li>\n<li>MERCAD, Jos\u00e9<\/li>\n<li>MERCADO, Paola<\/li>\n<li>PEDRAZA, Mariela<\/li>\n<li>PEREZ MU\u00d1OZ, Jos\u00e9<\/li>\n<li>PEREYRA, Rita<\/li>\n<li>PRIOTI, Marcela<\/li>\n<li>QUIROGA,<\/li>\n<li>RODRIGUEZ, Fabrina<\/li>\n<li>RODRIGUEZ, Omar<\/li>\n<li>RODRIGUEZ, Perla<\/li>\n<li>RUARTEZ, Estela<\/li>\n<li>TELLO, Nancy<\/li>\n<li>VARGAS, Marcela<\/li>\n<li>ZARATE, Elsa<\/li>\n<\/ul>\n<p>&nbsp;<\/p>\n","protected":false},"excerpt":{"rendered":"<p>ISFD EN LENGUA Y LITERATURA, HISTORIA Y MATEM\u00c1TICA DOCENTES: AGUILAR, Wilson AG\u00dcERO, Eva AG\u00dcERO, Nidia AG\u00dcERO, Laura ALMONACID, Ivana AMAYA, Mario AZCURRA, Raquel BUSTOS, Mariela CORDERO, M\u00f3nica GALLARDO, Florencia GALLARDO, Nicol\u00e1s GARAY, Roberto GARCIA, Eduardo GEZ, Rosa GUTIERREZ, Juana GUZMAN, Daniel INFANTE, Fabi\u00e1n MALDONADO, Cristian MERCADO, Fabi\u00e1n MERCAD, Jos\u00e9 MERCADO, Paola PEDRAZA, Mariela PEREZ MU\u00d1OZ, &#8230; <a title=\"Docentes\" class=\"read-more\" href=\"https:\/\/isfdchepes-lrj.infd.edu.ar\/sitio\/docentes\/\" aria-label=\"More on Docentes\">[+]<\/a><\/p>\n","protected":false},"author":433,"featured_media":0,"parent":0,"menu_order":0,"comment_status":"closed","ping_status":"closed","template":"","meta":[],"acf":[],"_links":{"self":[{"href":"https:\/\/isfdchepes-lrj.infd.edu.ar\/sitio\/wp-json\/wp\/v2\/pages\/752"}],"collection":[{"href":"https:\/\/isfdchepes-lrj.infd.edu.ar\/sitio\/wp-json\/wp\/v2\/pages"}],"about":[{"href":"https:\/\/isfdchepes-lrj.infd.edu.ar\/sitio\/wp-json\/wp\/v2\/types\/page"}],"author":[{"embeddable":true,"href":"https:\/\/isfdchepes-lrj.infd.edu.ar\/sitio\/wp-json\/wp\/v2\/users\/433"}],"replies":[{"embeddable":true,"href":"https:\/\/isfdchepes-lrj.infd.edu.ar\/sitio\/wp-json\/wp\/v2\/comments?post=752"}],"version-history":[{"count":3,"href":"https:\/\/isfdchepes-lrj.infd.edu.ar\/sitio\/wp-json\/wp\/v2\/pages\/752\/revisions"}],"predecessor-version":[{"id":975,"href":"https:\/\/isfdchepes-lrj.infd.edu.ar\/sitio\/wp-json\/wp\/v2\/pages\/752\/revisions\/975"}],"wp:attachment":[{"href":"https:\/\/isfdchepes-lrj.infd.edu.ar\/sitio\/wp-json\/wp\/v2\/media?parent=752"}],"curies":[{"name":"wp","href":"https:\/\/api.w.org\/{rel}","templated":true}]}}