{"id":750,"date":"2018-06-28T17:36:44","date_gmt":"2018-06-28T20:36:44","guid":{"rendered":"https:\/\/isfdchepes-lrj.infd.edu.ar\/sitio\/datos-institucionales\/"},"modified":"2020-09-08T20:00:09","modified_gmt":"2020-09-08T23:00:09","slug":"datos-institucionales","status":"publish","type":"page","link":"https:\/\/isfdchepes-lrj.infd.edu.ar\/sitio\/datos-institucionales\/","title":{"rendered":"Datos institucionales"},"content":{"rendered":"<blockquote>\n<p style=\"text-align: center;\"><img decoding=\"async\" loading=\"lazy\" class=\"wp-image-954 aligncenter\" style=\"color: #0000ff; font-family: 'arial black', 'avant garde'; font-size: 32px;\" src=\"https:\/\/isfdchepes-lrj.infd.edu.ar\/sitio\/wp-content\/uploads\/2020\/09\/Informaci\u00f3n-importante.png\" alt=\"\" width=\"302\" height=\"151\" \/><\/p>\n<h4><\/h4>\n<h4 style=\"font-size: 16px; font-style: normal; text-align: center;\"><img decoding=\"async\" loading=\"lazy\" class=\"wp-image-956 aligncenter\" src=\"https:\/\/isfdchepes-lrj.infd.edu.ar\/sitio\/wp-content\/uploads\/2020\/09\/horario-de-atenci\u00f3n.png\" alt=\"\" width=\"93\" height=\"94\" \/><\/h4>\n<h4 style=\"font-size: 16px; font-style: normal; text-align: center;\">Horario de atenci\u00f3n: hs. 18:40 a hs. 23:30<\/h4>\n<\/blockquote>\n<p><img decoding=\"async\" loading=\"lazy\" class=\"wp-image-960 aligncenter\" style=\"font-style: normal; color: #0000ff; font-family: 'arial black', 'avant garde'; font-size: 32px; text-align: center;\" src=\"https:\/\/isfdchepes-lrj.infd.edu.ar\/sitio\/wp-content\/uploads\/2020\/09\/ubicaci\u00f3n.png\" alt=\"\" width=\"113\" height=\"113\" \/><\/p>\n<h4 style=\"text-align: center;\">Roque S. Pe\u00f1a y Col\u00f3n- Chepes &#8211; La Rioja<\/h4>\n<h4 style=\"text-align: center;\"><img decoding=\"async\" loading=\"lazy\" class=\"wp-image-959 aligncenter\" style=\"color: #0000ff; font-family: 'arial black', 'avant garde'; font-size: 32px; text-align: center;\" src=\"https:\/\/isfdchepes-lrj.infd.edu.ar\/sitio\/wp-content\/uploads\/2020\/09\/telefono.png\" alt=\"\" width=\"106\" height=\"106\" \/><strong>03821-429108<\/strong><\/h4>\n<p><img decoding=\"async\" loading=\"lazy\" class=\"wp-image-957 aligncenter\" style=\"font-size: 19.2px;\" src=\"https:\/\/isfdchepes-lrj.infd.edu.ar\/sitio\/wp-content\/uploads\/2020\/09\/correo-electronico.jpg\" alt=\"\" width=\"96\" height=\"96\" \/><\/p>\n<h4 style=\"text-align: center;\">lenguaehistoria@gmail.com<\/h4>\n<p><img decoding=\"async\" loading=\"lazy\" class=\"wp-image-958 aligncenter\" style=\"text-align: center; font-size: 19.2px; font-style: italic;\" src=\"https:\/\/isfdchepes-lrj.infd.edu.ar\/sitio\/wp-content\/uploads\/2020\/09\/facebook.jpg\" alt=\"\" width=\"88\" height=\"88\" \/><\/p>\n<h4 style=\"text-align: center;\"><strong>https:\/\/www.facebook.com\/ISFD-Lengua-y-Literatura-Matematica-e-Historia<\/strong><\/h4>\n<p>&nbsp;<\/p>\n<p>&nbsp;<\/p>\n<p>&nbsp;<\/p>\n<p>&nbsp;<\/p>\n","protected":false},"excerpt":{"rendered":"<p>Horario de atenci\u00f3n: hs. 18:40 a hs. 23:30 Roque S. Pe\u00f1a y Col\u00f3n- Chepes &#8211; La Rioja 03821-429108 lenguaehistoria@gmail.com https:\/\/www.facebook.com\/ISFD-Lengua-y-Literatura-Matematica-e-Historia &nbsp; &nbsp; &nbsp; &nbsp;<\/p>\n","protected":false},"author":433,"featured_media":0,"parent":0,"menu_order":0,"comment_status":"closed","ping_status":"closed","template":"","meta":[],"acf":[],"_links":{"self":[{"href":"https:\/\/isfdchepes-lrj.infd.edu.ar\/sitio\/wp-json\/wp\/v2\/pages\/750"}],"collection":[{"href":"https:\/\/isfdchepes-lrj.infd.edu.ar\/sitio\/wp-json\/wp\/v2\/pages"}],"about":[{"href":"https:\/\/isfdchepes-lrj.infd.edu.ar\/sitio\/wp-json\/wp\/v2\/types\/page"}],"author":[{"embeddable":true,"href":"https:\/\/isfdchepes-lrj.infd.edu.ar\/sitio\/wp-json\/wp\/v2\/users\/433"}],"replies":[{"embeddable":true,"href":"https:\/\/isfdchepes-lrj.infd.edu.ar\/sitio\/wp-json\/wp\/v2\/comments?post=750"}],"version-history":[{"count":5,"href":"https:\/\/isfdchepes-lrj.infd.edu.ar\/sitio\/wp-json\/wp\/v2\/pages\/750\/revisions"}],"predecessor-version":[{"id":781,"href":"https:\/\/isfdchepes-lrj.infd.edu.ar\/sitio\/wp-json\/wp\/v2\/pages\/750\/revisions\/781"}],"wp:attachment":[{"href":"https:\/\/isfdchepes-lrj.infd.edu.ar\/sitio\/wp-json\/wp\/v2\/media?parent=750"}],"curies":[{"name":"wp","href":"https:\/\/api.w.org\/{rel}","templated":true}]}}