{"id":734,"date":"2018-06-28T17:36:40","date_gmt":"2018-06-28T20:36:40","guid":{"rendered":"https:\/\/isfdchepes-lrj.infd.edu.ar\/sitio\/informacion-para-alumnos\/"},"modified":"2020-09-10T09:31:38","modified_gmt":"2020-09-10T12:31:38","slug":"informacion-para-alumnos","status":"publish","type":"page","link":"https:\/\/isfdchepes-lrj.infd.edu.ar\/sitio\/informacion-para-alumnos\/","title":{"rendered":"BEDEL\u00cdA"},"content":{"rendered":"<h1><span style=\"color: #800080;\">NUESTRO EQUIPO DE BEDELES:<\/span><\/h1>\n<ul>\n<li>\n<h2><span style=\"color: #800000;\">CAMARGO,<\/span><\/h2>\n<\/li>\n<li>\n<h2><span style=\"color: #800000;\">ESCUDERO, Jos\u00e9 Luis<\/span><\/h2>\n<\/li>\n<li>\n<h2><span style=\"color: #800000;\">ORDO\u00d1EZ, Gloria<\/span><\/h2>\n<\/li>\n<li>\n<h2><span style=\"color: #800000;\">LUCERO, Valeria<\/span><\/h2>\n<\/li>\n<li>\n<h2><span style=\"color: #800000;\">QUINTEROS, Estela<\/span><\/h2>\n<\/li>\n<\/ul>\n<p>Bedel\u00eda informa que durante la semana del 07\/09\/2020 al 11\/09\/2020\u00a0 desde la hora 14:00 se realizar\u00e1 la toma de Coloquios de las materias cuatrimestrales del presente a\u00f1o Lectivo de las carreras Profesor de Lengua y Literatura, Profesor de Historia y Profesor de Matem\u00e1tica.<\/p>\n<p>Los bedeles enviar\u00e1n a los profesores y alumnos que est\u00e1n en condiciones de rendir los coloquios los link para que se unan a la instancia a trav\u00e9s de GoogleMeet.<\/p>\n<h3>Formulario de inscripci\u00f3n a mesas de examen:<\/h3>\n\n<div class=\"wpcf7 no-js\" id=\"wpcf7-f950-o1\" lang=\"es-ES\" dir=\"ltr\">\n<div class=\"screen-reader-response\"><p role=\"status\" aria-live=\"polite\" aria-atomic=\"true\"><\/p> <ul><\/ul><\/div>\n<form action=\"\/sitio\/wp-json\/wp\/v2\/pages\/734#wpcf7-f950-o1\" method=\"post\" class=\"wpcf7-form init\" aria-label=\"Formulario de contacto\" novalidate=\"novalidate\" data-status=\"init\">\n<div style=\"display: none;\">\n<input type=\"hidden\" name=\"_wpcf7\" value=\"950\" \/>\n<input type=\"hidden\" name=\"_wpcf7_version\" value=\"5.7.7\" \/>\n<input type=\"hidden\" name=\"_wpcf7_locale\" value=\"es_ES\" \/>\n<input type=\"hidden\" name=\"_wpcf7_unit_tag\" value=\"wpcf7-f950-o1\" \/>\n<input type=\"hidden\" name=\"_wpcf7_container_post\" value=\"0\" \/>\n<input type=\"hidden\" name=\"_wpcf7_posted_data_hash\" value=\"\" \/>\n<input type=\"hidden\" name=\"_wpcf7_recaptcha_response\" value=\"\" \/>\n<\/div>\n<p><span class=\"wpcf7-form-control-wrap\" data-name=\"menu-458\"><select class=\"wpcf7-form-control wpcf7-select\" aria-invalid=\"false\" name=\"menu-458\"><option value=\"Historia Argentina\">Historia Argentina<\/option><option value=\"\"><\/option><option value=\"Historia Mundial\">Historia Mundial<\/option><option value=\"El Sujeto de la Educaci\u00f3n\">El Sujeto de la Educaci\u00f3n<\/option><\/select><\/span><label> Tu nombre (requerido)<br \/>\n<span class=\"wpcf7-form-control-wrap\" data-name=\"your-name\"><input size=\"40\" class=\"wpcf7-form-control wpcf7-text wpcf7-validates-as-required\" aria-required=\"true\" aria-invalid=\"false\" value=\"\" type=\"text\" name=\"your-name\" \/><\/span> <\/label>\n<\/p>\n<p><label> Tu correo electr\u00f3nico (requerido)<br \/>\n<span class=\"wpcf7-form-control-wrap\" data-name=\"your-email\"><input size=\"40\" class=\"wpcf7-form-control wpcf7-text wpcf7-email wpcf7-validates-as-required wpcf7-validates-as-email\" aria-required=\"true\" aria-invalid=\"false\" value=\"\" type=\"email\" name=\"your-email\" \/><\/span> <\/label>\n<\/p>\n<p><label> Materia (requerido)<br \/>\n<span class=\"wpcf7-form-control-wrap\" data-name=\"your-subject\"><input size=\"40\" class=\"wpcf7-form-control wpcf7-text\" aria-invalid=\"false\" value=\"\" type=\"text\" name=\"your-subject\" \/><\/span> <\/label>\n<\/p>\n<p><label> Curso (requerido)<br \/>\n<span class=\"wpcf7-form-control-wrap\" data-name=\"your-name\"><input size=\"40\" class=\"wpcf7-form-control wpcf7-text\" aria-invalid=\"false\" value=\"\" type=\"text\" name=\"your-name\" \/><\/span> <\/label>\n<\/p>\n<p><label> Carrera (requerido)<br \/>\n<span class=\"wpcf7-form-control-wrap\" data-name=\"your-name\"><input size=\"40\" class=\"wpcf7-form-control wpcf7-text\" aria-invalid=\"false\" value=\"\" type=\"text\" name=\"your-name\" \/><\/span> <\/label>\n<\/p>\n<p><label> A\u00f1o de cursado (requerido)<br \/>\n<span class=\"wpcf7-form-control-wrap\" data-name=\"your-subject\"><input size=\"40\" class=\"wpcf7-form-control wpcf7-text\" aria-invalid=\"false\" value=\"\" type=\"text\" name=\"your-subject\" \/><\/span> <\/label>\n<\/p>\n<p><input class=\"wpcf7-form-control has-spinner wpcf7-submit\" type=\"submit\" value=\"Enviar\" \/>\n<\/p><p style=\"display: none !important;\"><label>&#916;<textarea name=\"_wpcf7_ak_hp_textarea\" cols=\"45\" rows=\"8\" maxlength=\"100\"><\/textarea><\/label><input type=\"hidden\" id=\"ak_js_1\" name=\"_wpcf7_ak_js\" value=\"127\"\/><script>document.getElementById( \"ak_js_1\" ).setAttribute( \"value\", ( new Date() ).getTime() );<\/script><\/p><div class=\"wpcf7-response-output\" aria-hidden=\"true\"><\/div>\n<\/form>\n<\/div>\n\n<h3>Formulario de solicitud de equivalencias:<\/h3>\n\n<div class=\"wpcf7 no-js\" id=\"wpcf7-f993-o2\" lang=\"es-ES\" dir=\"ltr\">\n<div class=\"screen-reader-response\"><p role=\"status\" aria-live=\"polite\" aria-atomic=\"true\"><\/p> <ul><\/ul><\/div>\n<form action=\"\/sitio\/wp-json\/wp\/v2\/pages\/734#wpcf7-f993-o2\" method=\"post\" class=\"wpcf7-form init\" aria-label=\"Formulario de contacto\" enctype=\"multipart\/form-data\" novalidate=\"novalidate\" data-status=\"init\">\n<div style=\"display: none;\">\n<input type=\"hidden\" name=\"_wpcf7\" value=\"993\" \/>\n<input type=\"hidden\" name=\"_wpcf7_version\" value=\"5.7.7\" \/>\n<input type=\"hidden\" name=\"_wpcf7_locale\" value=\"es_ES\" \/>\n<input type=\"hidden\" name=\"_wpcf7_unit_tag\" value=\"wpcf7-f993-o2\" \/>\n<input type=\"hidden\" name=\"_wpcf7_container_post\" value=\"0\" \/>\n<input type=\"hidden\" name=\"_wpcf7_posted_data_hash\" value=\"\" \/>\n<input type=\"hidden\" name=\"_wpcf7_recaptcha_response\" value=\"\" \/>\n<\/div>\n<p><span class=\"wpcf7-form-control-wrap\" data-name=\"your-name\"><input size=\"40\" class=\"wpcf7-form-control wpcf7-text wpcf7-validates-as-required\" aria-required=\"true\" aria-invalid=\"false\" value=\"\" type=\"text\" name=\"your-name\" \/><\/span>\n<\/p>\n<p><label> Tu correo electr\u00f3nico (requerido)<br \/>\n<span class=\"wpcf7-form-control-wrap\" data-name=\"your-email\"><input size=\"40\" class=\"wpcf7-form-control wpcf7-text wpcf7-email wpcf7-validates-as-required wpcf7-validates-as-email\" aria-required=\"true\" aria-invalid=\"false\" value=\"\" type=\"email\" name=\"your-email\" \/><\/span> <\/label>\n<\/p>\n<p><label> Consignar nombre y a\u00f1o de cursada de la unidad curricular que pide equivalencia. Adjuntar documento que avale la solicitud (programa, certificaci\u00f3n de la instituci\u00f3n de procedencia)<br \/>\n<span class=\"wpcf7-form-control-wrap\" data-name=\"your-message\"><textarea cols=\"40\" rows=\"10\" class=\"wpcf7-form-control wpcf7-textarea\" aria-invalid=\"false\" name=\"your-message\"><\/textarea><\/span> <\/label><br \/>\n<span class=\"wpcf7-form-control-wrap\" data-name=\"Archivosadjuntos\"><input size=\"40\" class=\"wpcf7-form-control wpcf7-file\" accept=\"audio\/*,video\/*,image\/*\" aria-invalid=\"false\" type=\"file\" name=\"Archivosadjuntos\" \/><\/span><label> Tu nombre (requerido)<br \/>\n<input class=\"wpcf7-form-control has-spinner wpcf7-submit\" type=\"submit\" value=\"Enviar\" \/><\/label>\n<\/p><p style=\"display: none !important;\"><label>&#916;<textarea name=\"_wpcf7_ak_hp_textarea\" cols=\"45\" rows=\"8\" maxlength=\"100\"><\/textarea><\/label><input type=\"hidden\" id=\"ak_js_2\" name=\"_wpcf7_ak_js\" value=\"168\"\/><script>document.getElementById( \"ak_js_2\" ).setAttribute( \"value\", ( new Date() ).getTime() );<\/script><\/p><div class=\"wpcf7-response-output\" aria-hidden=\"true\"><\/div>\n<\/form>\n<\/div>\n\n<p>&nbsp;<\/p>\n","protected":false},"excerpt":{"rendered":"<p>NUESTRO EQUIPO DE BEDELES: CAMARGO, ESCUDERO, Jos\u00e9 Luis ORDO\u00d1EZ, Gloria LUCERO, Valeria QUINTEROS, Estela Bedel\u00eda informa que durante la semana del 07\/09\/2020 al 11\/09\/2020\u00a0 desde la hora 14:00 se realizar\u00e1 la toma de Coloquios de las materias cuatrimestrales del presente a\u00f1o Lectivo de las carreras Profesor de Lengua y Literatura, Profesor de Historia y Profesor &#8230; <a title=\"BEDEL\u00cdA\" class=\"read-more\" href=\"https:\/\/isfdchepes-lrj.infd.edu.ar\/sitio\/informacion-para-alumnos\/\" aria-label=\"More on BEDEL\u00cdA\">[+]<\/a><\/p>\n","protected":false},"author":433,"featured_media":0,"parent":0,"menu_order":0,"comment_status":"closed","ping_status":"closed","template":"","meta":[],"acf":[],"_links":{"self":[{"href":"https:\/\/isfdchepes-lrj.infd.edu.ar\/sitio\/wp-json\/wp\/v2\/pages\/734"}],"collection":[{"href":"https:\/\/isfdchepes-lrj.infd.edu.ar\/sitio\/wp-json\/wp\/v2\/pages"}],"about":[{"href":"https:\/\/isfdchepes-lrj.infd.edu.ar\/sitio\/wp-json\/wp\/v2\/types\/page"}],"author":[{"embeddable":true,"href":"https:\/\/isfdchepes-lrj.infd.edu.ar\/sitio\/wp-json\/wp\/v2\/users\/433"}],"replies":[{"embeddable":true,"href":"https:\/\/isfdchepes-lrj.infd.edu.ar\/sitio\/wp-json\/wp\/v2\/comments?post=734"}],"version-history":[{"count":12,"href":"https:\/\/isfdchepes-lrj.infd.edu.ar\/sitio\/wp-json\/wp\/v2\/pages\/734\/revisions"}],"predecessor-version":[{"id":994,"href":"https:\/\/isfdchepes-lrj.infd.edu.ar\/sitio\/wp-json\/wp\/v2\/pages\/734\/revisions\/994"}],"wp:attachment":[{"href":"https:\/\/isfdchepes-lrj.infd.edu.ar\/sitio\/wp-json\/wp\/v2\/media?parent=734"}],"curies":[{"name":"wp","href":"https:\/\/api.w.org\/{rel}","templated":true}]}}