{"id":644,"date":"2018-06-18T14:12:35","date_gmt":"2018-06-18T17:12:35","guid":{"rendered":"https:\/\/isfdchepes-lrj.infd.edu.ar\/sitio\/?page_id=644"},"modified":"2020-09-14T17:50:36","modified_gmt":"2020-09-14T20:50:36","slug":"catalogo","status":"publish","type":"page","link":"https:\/\/isfdchepes-lrj.infd.edu.ar\/sitio\/catalogo\/","title":{"rendered":"CATALOGO"},"content":{"rendered":"<p><!-- Para que el el iframe sea visible para usuarios no logueados, el catalogo debe ser p\u00fablico en el campus. Para configurarlo ir a la administraci\u00f3n del campus: Catalogo > Configuraci\u00f3n, y destildar la opci\u00f3n \"Cat\u00e1logo privado\"\n--><\/p>\n<div style=\"width: 1200px;\" class=\"wp-video\"><!--[if lt IE 9]><script>document.createElement('video');<\/script><![endif]-->\n<video class=\"wp-video-shortcode\" id=\"video-644-1\" width=\"1200\" height=\"675\" preload=\"metadata\" controls=\"controls\"><source type=\"video\/mp4\" src=\"https:\/\/isfdchepes-lrj.infd.edu.ar\/sitio\/wp-content\/uploads\/2020\/09\/tics3.mp4?_=1\" \/><a href=\"https:\/\/isfdchepes-lrj.infd.edu.ar\/sitio\/wp-content\/uploads\/2020\/09\/tics3.mp4\">https:\/\/isfdchepes-lrj.infd.edu.ar\/sitio\/wp-content\/uploads\/2020\/09\/tics3.mp4<\/a><\/video><\/div>\n<h1 style=\"text-align: left;\"><span style=\"color: #800000;\">EQUIPO:<\/span><\/h1>\n<ul>\n<li>\n<h2>CABA\u00d1EZ, Dar\u00edo<\/h2>\n<\/li>\n<li>\n<h2>CARRI\u00d3N, Carla<\/h2>\n<\/li>\n<li>\n<h2>CORZO, Mar\u00eda<\/h2>\n<\/li>\n<li>\n<h2>GALLARDO, Nicol\u00e1s<\/h2>\n<\/li>\n<\/ul>\n","protected":false},"excerpt":{"rendered":"<p>EQUIPO: CABA\u00d1EZ, Dar\u00edo CARRI\u00d3N, Carla CORZO, Mar\u00eda GALLARDO, Nicol\u00e1s<\/p>\n","protected":false},"author":1,"featured_media":0,"parent":0,"menu_order":0,"comment_status":"closed","ping_status":"closed","template":"","meta":[],"acf":[],"_links":{"self":[{"href":"https:\/\/isfdchepes-lrj.infd.edu.ar\/sitio\/wp-json\/wp\/v2\/pages\/644"}],"collection":[{"href":"https:\/\/isfdchepes-lrj.infd.edu.ar\/sitio\/wp-json\/wp\/v2\/pages"}],"about":[{"href":"https:\/\/isfdchepes-lrj.infd.edu.ar\/sitio\/wp-json\/wp\/v2\/types\/page"}],"author":[{"embeddable":true,"href":"https:\/\/isfdchepes-lrj.infd.edu.ar\/sitio\/wp-json\/wp\/v2\/users\/1"}],"replies":[{"embeddable":true,"href":"https:\/\/isfdchepes-lrj.infd.edu.ar\/sitio\/wp-json\/wp\/v2\/comments?post=644"}],"version-history":[{"count":8,"href":"https:\/\/isfdchepes-lrj.infd.edu.ar\/sitio\/wp-json\/wp\/v2\/pages\/644\/revisions"}],"predecessor-version":[{"id":1002,"href":"https:\/\/isfdchepes-lrj.infd.edu.ar\/sitio\/wp-json\/wp\/v2\/pages\/644\/revisions\/1002"}],"wp:attachment":[{"href":"https:\/\/isfdchepes-lrj.infd.edu.ar\/sitio\/wp-json\/wp\/v2\/media?parent=644"}],"curies":[{"name":"wp","href":"https:\/\/api.w.org\/{rel}","templated":true}]}}