{"id":286,"date":"2016-10-31T13:17:59","date_gmt":"2016-10-31T16:17:59","guid":{"rendered":"https:\/\/isfdchepes-lrj.infd.edu.ar\/sitio\/?page_id=286"},"modified":"2023-11-01T21:05:14","modified_gmt":"2023-11-02T00:05:14","slug":"inicio","status":"publish","type":"page","link":"https:\/\/isfdchepes-lrj.infd.edu.ar\/sitio\/","title":{"rendered":"INICIO"},"content":{"rendered":"<div id=\"metaslider-id-403\" style=\"width: 100%;\" class=\"ml-slider-3-33-0 metaslider metaslider-flex metaslider-403 ml-slider ms-theme-default\" role=\"region\" aria-roledescription=\"Slideshow\" aria-label=\"Slideshow\">\n    <div id=\"metaslider_container_403\">\n        <div id=\"metaslider_403\" class=\"flexslider\">\n            <ul aria-live=\"polite\" class=\"slides\">\n                <li style=\"display: block; width: 100%;\" class=\"slide-911 ms-image\" aria-roledescription=\"slide\" aria-label=\"slide-911\"><img src=\"https:\/\/isfdchepes-lrj.infd.edu.ar\/sitio\/wp-content\/uploads\/2020\/03\/Logo-HISTORIA-828x301.png\" height=\"400\" width=\"1100\" alt=\"\" class=\"slider-403 slide-911\" title=\"Logo HISTORIA\" \/><\/li>\n                <li style=\"display: none; width: 100%;\" class=\"slide-912 ms-image\" aria-roledescription=\"slide\" aria-label=\"slide-912\"><img src=\"https:\/\/isfdchepes-lrj.infd.edu.ar\/sitio\/wp-content\/uploads\/2020\/03\/3-828x301.png\" height=\"400\" width=\"1100\" alt=\"\" class=\"slider-403 slide-912\" title=\"3\" \/><\/li>\n                <li style=\"display: none; width: 100%;\" class=\"slide-913 ms-image\" aria-roledescription=\"slide\" aria-label=\"slide-913\"><img src=\"https:\/\/isfdchepes-lrj.infd.edu.ar\/sitio\/wp-content\/uploads\/2020\/03\/4-828x301.png\" height=\"400\" width=\"1100\" alt=\"\" class=\"slider-403 slide-913\" title=\"4\" \/><\/li>\n            <\/ul>\n        <\/div>\n        \n    <\/div>\n<\/div>\n<table id=\"table1\" style=\"width: 100%;\" border=\"1\" cellspacing=\"0\" cellpadding=\"10\" align=\"center\">\n<tbody>\n<tr>\n<td style=\"border: 1px solid;\">\n<h1 style=\"text-align: center;\"><img decoding=\"async\" loading=\"lazy\" class=\"size-full wp-image-986 aligncenter\" src=\"https:\/\/isfdchepes-lrj.infd.edu.ar\/sitio\/wp-content\/uploads\/2020\/09\/FachadaISFD.png\" alt=\"\" width=\"735\" height=\"524\"><\/h1>\n<p><em>&nbsp;<\/em><span style=\"font-family: verdana,geneva;\"><em><span style=\"color: black; font-size: 10pt;\">E<\/span><span style=\"color: black; font-size: 10pt;\">ste Instituto Superior de Formaci\u00f3n Docente forma parte del sistema de educaci\u00f3n p\u00fablica de gesti\u00f3n estatal.<\/span><span style=\"color: black; font-size: 10pt;\">A trav\u00e9s de este sitio en Internet, nuestro Instituto podr\u00e1 comunicar novedades, acercar informaci\u00f3n, compartir experiencias y brindar apoyo y asesoramiento a&nbsp;alumnos, docentes e interesados en formar parte de esta comunidad educativa.<\/span><\/em><\/span><\/p>\n<p><span style=\"font-family: verdana,geneva;\"><span style=\"color: black; font-size: 10pt;\">Junto a varios cientos de institutos integramos la red virtual de Institutos virtuales de Formaci\u00f3n Docente cordinados por el <strong><em>INFOD (Instituto Nacional de Formaci\u00f3n Docente)<\/em> <\/strong>dependiente del Ministerio de Educaci\u00f3n de la Naci\u00f3n Argentina-<\/span><\/span><\/td>\n<\/tr>\n<\/tbody>\n<\/table>\n<h1><span style=\"color: #000080;\">UBICACI\u00d3N<\/span><\/h1>\n<p><img decoding=\"async\" loading=\"lazy\" class=\"size-medium wp-image-902 aligncenter\" src=\"https:\/\/isfdchepes-lrj.infd.edu.ar\/sitio\/wp-content\/uploads\/2020\/09\/Ubicaci\u00f3n-ISFD-1000x459.png\" alt=\"\" width=\"1000\" height=\"459\" srcset=\"https:\/\/isfdchepes-lrj.infd.edu.ar\/sitio\/wp-content\/uploads\/2020\/09\/Ubicaci\u00f3n-ISFD-1000x459.png 1000w, https:\/\/isfdchepes-lrj.infd.edu.ar\/sitio\/wp-content\/uploads\/2020\/09\/Ubicaci\u00f3n-ISFD-768x353.png 768w, https:\/\/isfdchepes-lrj.infd.edu.ar\/sitio\/wp-content\/uploads\/2020\/09\/Ubicaci\u00f3n-ISFD.png 1282w\" sizes=\"(max-width: 1000px) 100vw, 1000px\" \/><\/p>\n","protected":false},"excerpt":{"rendered":"<p>&nbsp;Este Instituto Superior de Formaci\u00f3n Docente forma parte del sistema de educaci\u00f3n p\u00fablica de gesti\u00f3n estatal.A trav\u00e9s de este sitio en Internet, nuestro Instituto podr\u00e1 comunicar novedades, acercar informaci\u00f3n, compartir experiencias y brindar apoyo y asesoramiento a&nbsp;alumnos, docentes e interesados en formar parte de esta comunidad educativa. Junto a varios cientos de institutos integramos la &#8230; <a title=\"INICIO\" class=\"read-more\" href=\"https:\/\/isfdchepes-lrj.infd.edu.ar\/sitio\/\" aria-label=\"More on INICIO\">[+]<\/a><\/p>\n","protected":false},"author":433,"featured_media":0,"parent":0,"menu_order":1,"comment_status":"closed","ping_status":"closed","template":"","meta":[],"acf":[],"_links":{"self":[{"href":"https:\/\/isfdchepes-lrj.infd.edu.ar\/sitio\/wp-json\/wp\/v2\/pages\/286"}],"collection":[{"href":"https:\/\/isfdchepes-lrj.infd.edu.ar\/sitio\/wp-json\/wp\/v2\/pages"}],"about":[{"href":"https:\/\/isfdchepes-lrj.infd.edu.ar\/sitio\/wp-json\/wp\/v2\/types\/page"}],"author":[{"embeddable":true,"href":"https:\/\/isfdchepes-lrj.infd.edu.ar\/sitio\/wp-json\/wp\/v2\/users\/433"}],"replies":[{"embeddable":true,"href":"https:\/\/isfdchepes-lrj.infd.edu.ar\/sitio\/wp-json\/wp\/v2\/comments?post=286"}],"version-history":[{"count":101,"href":"https:\/\/isfdchepes-lrj.infd.edu.ar\/sitio\/wp-json\/wp\/v2\/pages\/286\/revisions"}],"predecessor-version":[{"id":1026,"href":"https:\/\/isfdchepes-lrj.infd.edu.ar\/sitio\/wp-json\/wp\/v2\/pages\/286\/revisions\/1026"}],"wp:attachment":[{"href":"https:\/\/isfdchepes-lrj.infd.edu.ar\/sitio\/wp-json\/wp\/v2\/media?parent=286"}],"curies":[{"name":"wp","href":"https:\/\/api.w.org\/{rel}","templated":true}]}}